{"id":1311,"date":"2023-06-29T07:50:12","date_gmt":"2023-06-29T07:50:12","guid":{"rendered":"https:\/\/demosites.io\/online-course-2-gb\/?page_id=4"},"modified":"2026-03-31T02:27:29","modified_gmt":"2026-03-31T02:27:29","slug":"ec3e5-homepage","status":"publish","type":"page","link":"https:\/\/elearningntc.id.vn\/","title":{"rendered":"H\u1ec6 TH\u1ed0NG \u0110\u00c1NH GI\u00c1 K\u1ebeT QU\u1ea2 R\u00c8N LUY\u1ec6N C\u1ee6A HSSV"},"content":{"rendered":"<p><!DOCTYPE html><br \/>\n<html lang=\"vi\"> <!-- Khai b\u00e1o ng\u00f4n ng\u1eef ti\u1ebfng Vi\u1ec7t --><\/p>\n<style>\n  * { box-sizing: border-box; } \/* \u0110\u1ea3m b\u1ea3o padding kh\u00f4ng l\u00e0m t\u0103ng chi\u1ec1u r\u1ed9ng *\/<\/p>\n<p>  .container {\n    width: 100%;\n    border: 2px solid black;\n    overflow: auto; \/* K\u1ef9 thu\u1eadt Clearfix: x\u00f3a float \u0111\u1ec3 cha bao g\u1ecdn con *\/\n  }<\/p>\n<p>  .main-content {\n    float: left;\n    width: 51%; \/* C\u1ed9t ch\u00ednh *\/\n    background-color: lightblue;\n    padding: 20px;\n  }<\/p>\n<p>  .sidebar {\n    float: right;\n    width: 49%; \/* C\u1ed9t b\u00ean *\/\n    background-color: lightgreen;\n  }<\/p>\n<p>  \/* Responsive: Chuy\u1ec3n th\u00e0nh 1 c\u1ed9t tr\u00ean m\u00e0n h\u00ecnh nh\u1ecf *\/\n  @media (max-width: 600px) {\n    .main-content, .sidebar {\n      width: 100%;\n    }\n  }\n\/* Th\u00eam styling cho form-group, input, button... *\/\n  .login-container {\n     width: 520px;\n     margin: 50px auto;\n     padding: 10px;\n     border: 1px solid #ccc;\n     border-radius: 8px;\n     box-shadow: 0 0 10px rgba(0,0,0,0.1);\n  }\n<\/style>\n<p><body><\/p>\n<div style=\"display: flex; justify-content: flex-end;\">\n  <a href=\"h_gioi_thieu.php\">Gi\u1edbi thi\u1ec7u<\/a>&nbsp;&nbsp;&nbsp;<a href=\"h_cap_nhat_csdl.php\">D\u00e0nh cho qu\u1ea3n tr\u1ecb<\/a>&nbsp;&nbsp;&nbsp;<a href=\"h_thong_bao.php\">Th\u00f4ng b\u00e1o<\/a>\n  <\/div>\n<div style=\"width: 100%; border: 2px solid black; overflow: auto;\">\n<div style=\"float: left; width: 60%; background-color: lightblue; padding: 20px;\">\n<h4>\u0110\u0103ng nh\u1eadp v\u00e0o trang \u0111\u00e1nh gi\u00e1 k\u1ebft qu\u1ea3 r\u00e8n luy\u1ec7n c\u1ee7a h\u1ecdc sinh, sinh vi\u00ean trong h\u1ecdc k\u1ef3.<\/h4>\n<div class=\"login-container\">\n<h3>\u0110\u0103ng nh\u1eadp<\/h3>\n<form action=\"h_kiem_tra_thongtin.php\" method=\"POST\">\n         <label for=\"username\">T\u00e0i kho\u1ea3n \u0111\u0103ng nh\u1eadp c\u1ee7a HSSV\/ GV\/ CB:<\/label><br \/>\n         <input id=\"username\" name=\"username\" required=\"\" type=\"text\" \/><br \/>\n         <label for=\"password\">M\u1eadt kh\u1ea9u:<\/label><br \/>\n         <input id=\"password\" name=\"password\" required=\"\" type=\"password\" \/><br \/>\n         <button type=\"submit\">\u0110\u0103ng nh\u1eadp<\/button><br \/>\n     <\/form>\n<h6>N\u1ebfu qu\u00ean m\u1eadt kh\u1ea9u, vui l\u00f2ng li\u00ean h\u1ec7 Ph\u00f2ng Kh\u1ea3o th\u00ed, \u0110\u1ea3m b\u1ea3o ch\u1ea5t l\u01b0\u1ee3ng v\u00e0 H\u1ecdc sinh sinh vi\u00ean \u0111\u1ec3 nh\u1eadn m\u1eadt kh\u1ea9u m\u1eb7c \u0111\u1ecbnh<\/h6>\n<form action=\"h_doi_mat_khau.php\" method=\"POST\">\n     <button style=\"background-color: red; color: white; padding: 4px 8px; font-size: 12px; border-radius: 4px; border: 1px solid #ccc;\" type=\"submit\">\u0110\u1ed5i m\u1eadt kh\u1ea9u<\/button><br \/>\n     <\/form>\n<\/p><\/div>\n<\/p><\/div>\n<div style=\"float: right; width: 40%; background-color: lightgreen;\">\n<figure><img decoding=\"async\" src=\"pattern-1s.png\" alt=\"\"><\/figure>\n<\/p><\/div>\n<\/div>\n<p><\/body><\/p>\n","protected":false},"excerpt":{"rendered":"<p>Gi\u1edbi thi\u1ec7u&nbsp;&nbsp;&nbsp;D\u00e0nh cho qu\u1ea3n tr\u1ecb&nbsp;&nbsp;&nbsp;Th\u00f4ng b\u00e1o \u0110\u0103ng nh\u1eadp v\u00e0o trang \u0111\u00e1nh gi\u00e1 k\u1ebft qu\u1ea3 r\u00e8n luy\u1ec7n c\u1ee7a h\u1ecdc sinh, sinh vi\u00ean trong h\u1ecdc k\u1ef3. \u0110\u0103ng nh\u1eadp T\u00e0i kho\u1ea3n \u0111\u0103ng nh\u1eadp c\u1ee7a HSSV\/ GV\/ CB: M\u1eadt kh\u1ea9u: \u0110\u0103ng nh\u1eadp N\u1ebfu qu\u00ean m\u1eadt kh\u1ea9u, vui l\u00f2ng li\u00ean h\u1ec7 Ph\u00f2ng Kh\u1ea3o th\u00ed, \u0110\u1ea3m b\u1ea3o ch\u1ea5t l\u01b0\u1ee3ng v\u00e0 H\u1ecdc&hellip;&nbsp;<a href=\"https:\/\/elearningntc.id.vn\/\" rel=\"bookmark\"><span class=\"screen-reader-text\">H\u1ec6 TH\u1ed0NG \u0110\u00c1NH GI\u00c1 K\u1ebeT QU\u1ea2 R\u00c8N LUY\u1ec6N C\u1ee6A HSSV<\/span><\/a><\/p>\n","protected":false},"author":1,"featured_media":0,"parent":0,"menu_order":0,"comment_status":"closed","ping_status":"closed","template":"page-templates\/template-pagebuilder-full-width.php","meta":{"neve_meta_sidebar":"","neve_meta_container":"","neve_meta_enable_content_width":"off","neve_meta_content_width":100,"neve_meta_title_alignment":"","neve_meta_author_avatar":"","neve_post_elements_order":"","neve_meta_disable_header":"on","neve_meta_disable_footer":"on","neve_meta_disable_title":"","_themeisle_gutenberg_block_has_review":false,"footnotes":""},"class_list":["post-1311","page","type-page","status-publish","hentry"],"yoast_head":"<!-- This site is optimized with the Yoast SEO plugin v26.7 - https:\/\/yoast.com\/wordpress\/plugins\/seo\/ -->\n<title>H\u1ec6 TH\u1ed0NG \u0110\u00c1NH GI\u00c1 K\u1ebeT QU\u1ea2 R\u00c8N LUY\u1ec6N C\u1ee6A HSSV - H\u1ec6 TH\u1ed0NG \u0110\u00c1NH GI\u00c1 K\u1ebeT QU\u1ea2 R\u00c8N LUY\u1ec6N<\/title>\n<meta name=\"robots\" content=\"index, follow, max-snippet:-1, max-image-preview:large, max-video-preview:-1\" \/>\n<link rel=\"canonical\" href=\"https:\/\/elearningntc.id.vn\/\" \/>\n<meta property=\"og:locale\" content=\"vi_VN\" \/>\n<meta property=\"og:type\" content=\"article\" \/>\n<meta property=\"og:title\" content=\"H\u1ec6 TH\u1ed0NG \u0110\u00c1NH GI\u00c1 K\u1ebeT QU\u1ea2 R\u00c8N LUY\u1ec6N C\u1ee6A HSSV - H\u1ec6 TH\u1ed0NG \u0110\u00c1NH GI\u00c1 K\u1ebeT QU\u1ea2 R\u00c8N LUY\u1ec6N\" \/>\n<meta property=\"og:description\" content=\"Gi\u1edbi thi\u1ec7u&nbsp;&nbsp;&nbsp;D\u00e0nh cho qu\u1ea3n tr\u1ecb&nbsp;&nbsp;&nbsp;Th\u00f4ng b\u00e1o \u0110\u0103ng nh\u1eadp v\u00e0o trang \u0111\u00e1nh gi\u00e1 k\u1ebft qu\u1ea3 r\u00e8n luy\u1ec7n c\u1ee7a h\u1ecdc sinh, sinh vi\u00ean trong h\u1ecdc k\u1ef3. \u0110\u0103ng nh\u1eadp T\u00e0i kho\u1ea3n \u0111\u0103ng nh\u1eadp c\u1ee7a HSSV\/ GV\/ CB: M\u1eadt kh\u1ea9u: \u0110\u0103ng nh\u1eadp N\u1ebfu qu\u00ean m\u1eadt kh\u1ea9u, vui l\u00f2ng li\u00ean h\u1ec7 Ph\u00f2ng Kh\u1ea3o th\u00ed, \u0110\u1ea3m b\u1ea3o ch\u1ea5t l\u01b0\u1ee3ng v\u00e0 H\u1ecdc&hellip;&nbsp;H\u1ec6 TH\u1ed0NG \u0110\u00c1NH GI\u00c1 K\u1ebeT QU\u1ea2 R\u00c8N LUY\u1ec6N C\u1ee6A HSSV\" \/>\n<meta property=\"og:url\" content=\"https:\/\/elearningntc.id.vn\/\" \/>\n<meta property=\"og:site_name\" content=\"H\u1ec6 TH\u1ed0NG \u0110\u00c1NH GI\u00c1 K\u1ebeT QU\u1ea2 R\u00c8N LUY\u1ec6N\" \/>\n<meta property=\"article:modified_time\" content=\"2026-03-31T02:27:29+00:00\" \/>\n<meta name=\"twitter:card\" content=\"summary_large_image\" \/>\n<meta name=\"twitter:label1\" content=\"\u01af\u1edbc t\u00ednh th\u1eddi gian \u0111\u1ecdc\" \/>\n\t<meta name=\"twitter:data1\" content=\"1 ph\u00fat\" \/>\n<script type=\"application\/ld+json\" class=\"yoast-schema-graph\">{\"@context\":\"https:\/\/schema.org\",\"@graph\":[{\"@type\":\"WebPage\",\"@id\":\"https:\/\/elearningntc.id.vn\/\",\"url\":\"https:\/\/elearningntc.id.vn\/\",\"name\":\"H\u1ec6 TH\u1ed0NG \u0110\u00c1NH GI\u00c1 K\u1ebeT QU\u1ea2 R\u00c8N LUY\u1ec6N C\u1ee6A HSSV - H\u1ec6 TH\u1ed0NG \u0110\u00c1NH GI\u00c1 K\u1ebeT QU\u1ea2 R\u00c8N LUY\u1ec6N\",\"isPartOf\":{\"@id\":\"https:\/\/elearningntc.id.vn\/#website\"},\"datePublished\":\"2023-06-29T07:50:12+00:00\",\"dateModified\":\"2026-03-31T02:27:29+00:00\",\"breadcrumb\":{\"@id\":\"https:\/\/elearningntc.id.vn\/#breadcrumb\"},\"inLanguage\":\"vi\",\"potentialAction\":[{\"@type\":\"ReadAction\",\"target\":[\"https:\/\/elearningntc.id.vn\/\"]}]},{\"@type\":\"BreadcrumbList\",\"@id\":\"https:\/\/elearningntc.id.vn\/#breadcrumb\",\"itemListElement\":[{\"@type\":\"ListItem\",\"position\":1,\"name\":\"Trang ch\u1ee7\",\"item\":\"https:\/\/elearningntc.id.vn\/\"},{\"@type\":\"ListItem\",\"position\":2,\"name\":\"H\u1ec6 TH\u1ed0NG \u0110\u00c1NH GI\u00c1 K\u1ebeT QU\u1ea2 R\u00c8N LUY\u1ec6N C\u1ee6A HSSV\"}]},{\"@type\":\"WebSite\",\"@id\":\"https:\/\/elearningntc.id.vn\/#website\",\"url\":\"https:\/\/elearningntc.id.vn\/\",\"name\":\"H\u1ec6 TH\u1ed0NG \u0110\u00c1NH GI\u00c1 K\u1ebeT QU\u1ea2 R\u00c8N LUY\u1ec6N\",\"description\":\"\",\"publisher\":{\"@id\":\"https:\/\/elearningntc.id.vn\/#organization\"},\"potentialAction\":[{\"@type\":\"SearchAction\",\"target\":{\"@type\":\"EntryPoint\",\"urlTemplate\":\"https:\/\/elearningntc.id.vn\/?s={search_term_string}\"},\"query-input\":{\"@type\":\"PropertyValueSpecification\",\"valueRequired\":true,\"valueName\":\"search_term_string\"}}],\"inLanguage\":\"vi\"},{\"@type\":\"Organization\",\"@id\":\"https:\/\/elearningntc.id.vn\/#organization\",\"name\":\"H\u1ec6 TH\u1ed0NG \u0110\u00c1NH GI\u00c1 K\u1ebeT QU\u1ea2 R\u00c8N LUY\u1ec6N\",\"url\":\"https:\/\/elearningntc.id.vn\/\",\"logo\":{\"@type\":\"ImageObject\",\"inLanguage\":\"vi\",\"@id\":\"https:\/\/elearningntc.id.vn\/#\/schema\/logo\/image\/\",\"url\":\"https:\/\/elearningntc.id.vn\/wp-content\/uploads\/2026\/01\/logo.png\",\"contentUrl\":\"https:\/\/elearningntc.id.vn\/wp-content\/uploads\/2026\/01\/logo.png\",\"width\":156,\"height\":40,\"caption\":\"H\u1ec6 TH\u1ed0NG \u0110\u00c1NH GI\u00c1 K\u1ebeT QU\u1ea2 R\u00c8N LUY\u1ec6N\"},\"image\":{\"@id\":\"https:\/\/elearningntc.id.vn\/#\/schema\/logo\/image\/\"}}]}<\/script>\n<!-- \/ Yoast SEO plugin. -->","yoast_head_json":{"title":"H\u1ec6 TH\u1ed0NG \u0110\u00c1NH GI\u00c1 K\u1ebeT QU\u1ea2 R\u00c8N LUY\u1ec6N C\u1ee6A HSSV - H\u1ec6 TH\u1ed0NG \u0110\u00c1NH GI\u00c1 K\u1ebeT QU\u1ea2 R\u00c8N LUY\u1ec6N","robots":{"index":"index","follow":"follow","max-snippet":"max-snippet:-1","max-image-preview":"max-image-preview:large","max-video-preview":"max-video-preview:-1"},"canonical":"https:\/\/elearningntc.id.vn\/","og_locale":"vi_VN","og_type":"article","og_title":"H\u1ec6 TH\u1ed0NG \u0110\u00c1NH GI\u00c1 K\u1ebeT QU\u1ea2 R\u00c8N LUY\u1ec6N C\u1ee6A HSSV - H\u1ec6 TH\u1ed0NG \u0110\u00c1NH GI\u00c1 K\u1ebeT QU\u1ea2 R\u00c8N LUY\u1ec6N","og_description":"Gi\u1edbi thi\u1ec7u&nbsp;&nbsp;&nbsp;D\u00e0nh cho qu\u1ea3n tr\u1ecb&nbsp;&nbsp;&nbsp;Th\u00f4ng b\u00e1o \u0110\u0103ng nh\u1eadp v\u00e0o trang \u0111\u00e1nh gi\u00e1 k\u1ebft qu\u1ea3 r\u00e8n luy\u1ec7n c\u1ee7a h\u1ecdc sinh, sinh vi\u00ean trong h\u1ecdc k\u1ef3. \u0110\u0103ng nh\u1eadp T\u00e0i kho\u1ea3n \u0111\u0103ng nh\u1eadp c\u1ee7a HSSV\/ GV\/ CB: M\u1eadt kh\u1ea9u: \u0110\u0103ng nh\u1eadp N\u1ebfu qu\u00ean m\u1eadt kh\u1ea9u, vui l\u00f2ng li\u00ean h\u1ec7 Ph\u00f2ng Kh\u1ea3o th\u00ed, \u0110\u1ea3m b\u1ea3o ch\u1ea5t l\u01b0\u1ee3ng v\u00e0 H\u1ecdc&hellip;&nbsp;H\u1ec6 TH\u1ed0NG \u0110\u00c1NH GI\u00c1 K\u1ebeT QU\u1ea2 R\u00c8N LUY\u1ec6N C\u1ee6A HSSV","og_url":"https:\/\/elearningntc.id.vn\/","og_site_name":"H\u1ec6 TH\u1ed0NG \u0110\u00c1NH GI\u00c1 K\u1ebeT QU\u1ea2 R\u00c8N LUY\u1ec6N","article_modified_time":"2026-03-31T02:27:29+00:00","twitter_card":"summary_large_image","twitter_misc":{"\u01af\u1edbc t\u00ednh th\u1eddi gian \u0111\u1ecdc":"1 ph\u00fat"},"schema":{"@context":"https:\/\/schema.org","@graph":[{"@type":"WebPage","@id":"https:\/\/elearningntc.id.vn\/","url":"https:\/\/elearningntc.id.vn\/","name":"H\u1ec6 TH\u1ed0NG \u0110\u00c1NH GI\u00c1 K\u1ebeT QU\u1ea2 R\u00c8N LUY\u1ec6N C\u1ee6A HSSV - H\u1ec6 TH\u1ed0NG \u0110\u00c1NH GI\u00c1 K\u1ebeT QU\u1ea2 R\u00c8N LUY\u1ec6N","isPartOf":{"@id":"https:\/\/elearningntc.id.vn\/#website"},"datePublished":"2023-06-29T07:50:12+00:00","dateModified":"2026-03-31T02:27:29+00:00","breadcrumb":{"@id":"https:\/\/elearningntc.id.vn\/#breadcrumb"},"inLanguage":"vi","potentialAction":[{"@type":"ReadAction","target":["https:\/\/elearningntc.id.vn\/"]}]},{"@type":"BreadcrumbList","@id":"https:\/\/elearningntc.id.vn\/#breadcrumb","itemListElement":[{"@type":"ListItem","position":1,"name":"Trang ch\u1ee7","item":"https:\/\/elearningntc.id.vn\/"},{"@type":"ListItem","position":2,"name":"H\u1ec6 TH\u1ed0NG \u0110\u00c1NH GI\u00c1 K\u1ebeT QU\u1ea2 R\u00c8N LUY\u1ec6N C\u1ee6A HSSV"}]},{"@type":"WebSite","@id":"https:\/\/elearningntc.id.vn\/#website","url":"https:\/\/elearningntc.id.vn\/","name":"H\u1ec6 TH\u1ed0NG \u0110\u00c1NH GI\u00c1 K\u1ebeT QU\u1ea2 R\u00c8N LUY\u1ec6N","description":"","publisher":{"@id":"https:\/\/elearningntc.id.vn\/#organization"},"potentialAction":[{"@type":"SearchAction","target":{"@type":"EntryPoint","urlTemplate":"https:\/\/elearningntc.id.vn\/?s={search_term_string}"},"query-input":{"@type":"PropertyValueSpecification","valueRequired":true,"valueName":"search_term_string"}}],"inLanguage":"vi"},{"@type":"Organization","@id":"https:\/\/elearningntc.id.vn\/#organization","name":"H\u1ec6 TH\u1ed0NG \u0110\u00c1NH GI\u00c1 K\u1ebeT QU\u1ea2 R\u00c8N LUY\u1ec6N","url":"https:\/\/elearningntc.id.vn\/","logo":{"@type":"ImageObject","inLanguage":"vi","@id":"https:\/\/elearningntc.id.vn\/#\/schema\/logo\/image\/","url":"https:\/\/elearningntc.id.vn\/wp-content\/uploads\/2026\/01\/logo.png","contentUrl":"https:\/\/elearningntc.id.vn\/wp-content\/uploads\/2026\/01\/logo.png","width":156,"height":40,"caption":"H\u1ec6 TH\u1ed0NG \u0110\u00c1NH GI\u00c1 K\u1ebeT QU\u1ea2 R\u00c8N LUY\u1ec6N"},"image":{"@id":"https:\/\/elearningntc.id.vn\/#\/schema\/logo\/image\/"}}]}},"_links":{"self":[{"href":"https:\/\/elearningntc.id.vn\/index.php?rest_route=\/wp\/v2\/pages\/1311","targetHints":{"allow":["GET"]}}],"collection":[{"href":"https:\/\/elearningntc.id.vn\/index.php?rest_route=\/wp\/v2\/pages"}],"about":[{"href":"https:\/\/elearningntc.id.vn\/index.php?rest_route=\/wp\/v2\/types\/page"}],"author":[{"embeddable":true,"href":"https:\/\/elearningntc.id.vn\/index.php?rest_route=\/wp\/v2\/users\/1"}],"replies":[{"embeddable":true,"href":"https:\/\/elearningntc.id.vn\/index.php?rest_route=%2Fwp%2Fv2%2Fcomments&post=1311"}],"version-history":[{"count":98,"href":"https:\/\/elearningntc.id.vn\/index.php?rest_route=\/wp\/v2\/pages\/1311\/revisions"}],"predecessor-version":[{"id":1602,"href":"https:\/\/elearningntc.id.vn\/index.php?rest_route=\/wp\/v2\/pages\/1311\/revisions\/1602"}],"wp:attachment":[{"href":"https:\/\/elearningntc.id.vn\/index.php?rest_route=%2Fwp%2Fv2%2Fmedia&parent=1311"}],"curies":[{"name":"wp","href":"https:\/\/api.w.org\/{rel}","templated":true}]}}